{"id":2,"date":"2008-12-23T11:32:14","date_gmt":"2008-12-23T11:32:14","guid":{"rendered":""},"modified":"2011-01-22T18:11:40","modified_gmt":"2011-01-22T17:11:40","slug":"about","status":"publish","type":"page","link":"https:\/\/lotta.agholme.se\/blog\/?page_id=2","title":{"rendered":"Om bloggaren"},"content":{"rendered":"<p>Lotta Agholme (fd Hellstr\u00f6m) heter jag och \u00e4r en f\u00f6re detta H\u00e4lsing men numera Link\u00f6pingsbo som doktorerar p\u00e5 dagarna och p\u00e5 fritiden k\u00e4mpar jag f\u00f6r att hinna med alla intressen som jag skaffat mig. <\/p>\n<p>Lagat mat har jag alltid gjort, men det har blivit mer och mer av ett intresse. Bakverk har alltid varit roligt och nu har jag ut\u00f6kat det med ett lite fanatiskt intresse f\u00f6r br\u00f6d. De flesta inl\u00e4ggen handlar om detta. <\/p>\n<p>F\u00f6rutom matlagning och bakning s\u00e5 \u00e5ker jag snowboard, och nu \u00e4ven l\u00e4ngdskidor. Jag tr\u00e4nar \u00e4ven traditionellt p\u00e5 gym och i \u00e5r ska det bli en tjejvasa \u00e4r det t\u00e4nkt! Jag har \u00e4ven tagit upp intresset f\u00f6r ridning och f\u00f6rutom det s\u00e5 seglas det ibland p\u00e5 sommaren. F\u00f6rutom detta s\u00e5 blir det ibland en del stickning och fotografering. <\/p>\n<p>Fullt upp allts\u00e5, och \u00e4ven om den h\u00e4r bloggen framf\u00f6rallt handlar om det som h\u00e4nder i k\u00f6ket s\u00e5 \u00e4r bloggens r\u00f6da tr\u00e5d allts\u00e5 alla mina intressen, och vem vet, jag kanske f\u00e5r \u00e4nnu fler!<\/p>\n","protected":false},"excerpt":{"rendered":"<p>Lotta Agholme (fd Hellstr\u00f6m) heter jag och \u00e4r en f\u00f6re detta H\u00e4lsing men numera Link\u00f6pingsbo som doktorerar p\u00e5 dagarna och p\u00e5 fritiden k\u00e4mpar jag f\u00f6r att hinna med alla intressen som jag skaffat mig. Lagat mat har jag alltid gjort, men det har blivit mer och mer av ett intresse. Bakverk har alltid varit roligt [&hellip;]<\/p>\n","protected":false},"author":2,"featured_media":0,"parent":0,"menu_order":3,"comment_status":"open","ping_status":"open","template":"","meta":{"footnotes":""},"class_list":["post-2","page","type-page","status-publish","hentry"],"_links":{"self":[{"href":"https:\/\/lotta.agholme.se\/blog\/index.php?rest_route=\/wp\/v2\/pages\/2","targetHints":{"allow":["GET"]}}],"collection":[{"href":"https:\/\/lotta.agholme.se\/blog\/index.php?rest_route=\/wp\/v2\/pages"}],"about":[{"href":"https:\/\/lotta.agholme.se\/blog\/index.php?rest_route=\/wp\/v2\/types\/page"}],"author":[{"embeddable":true,"href":"https:\/\/lotta.agholme.se\/blog\/index.php?rest_route=\/wp\/v2\/users\/2"}],"replies":[{"embeddable":true,"href":"https:\/\/lotta.agholme.se\/blog\/index.php?rest_route=%2Fwp%2Fv2%2Fcomments&post=2"}],"version-history":[{"count":8,"href":"https:\/\/lotta.agholme.se\/blog\/index.php?rest_route=\/wp\/v2\/pages\/2\/revisions"}],"predecessor-version":[{"id":31,"href":"https:\/\/lotta.agholme.se\/blog\/index.php?rest_route=\/wp\/v2\/pages\/2\/revisions\/31"}],"wp:attachment":[{"href":"https:\/\/lotta.agholme.se\/blog\/index.php?rest_route=%2Fwp%2Fv2%2Fmedia&parent=2"}],"curies":[{"name":"wp","href":"https:\/\/api.w.org\/{rel}","templated":true}]}}