{"id":1048,"date":"2009-11-19T23:04:36","date_gmt":"2009-11-19T22:04:36","guid":{"rendered":"http:\/\/lotta.hellstrom.st\/blog\/?page_id=1048"},"modified":"2011-01-23T23:25:38","modified_gmt":"2011-01-23T22:25:38","slug":"hitta-ett-recept","status":"publish","type":"page","link":"https:\/\/lotta.agholme.se\/blog\/?page_id=1048","title":{"rendered":"Hitta recept"},"content":{"rendered":"<p>Var du ute efter ett visst recept du sett p\u00e5 bloggen tidigare? Vill du ha inspiration inf\u00f6r middagen eller kanske baka n\u00e5got gott? Tycker du etiketterna \u00e4r ologiska och jag blajar f\u00f6r mycket? H\u00e4r f\u00f6rs\u00f6ker jag lista mina mer lyckade recept i vettiga kategorier. Hoppas det underl\u00e4ttar!<\/p>\n<h2>Baka br\u00f6d?<\/h2>\n<p><a href=\"http:\/\/lotta.hellstrom.st\/blog\/?p=1711\">Crumpets p\u00e5 surdeg<\/a>&#8211; frukostfavorit!<br \/>\n<a href=\"http:\/\/lotta.hellstrom.st\/blog\/?p=2083\">L\u00e5ngj\u00e4sta baguetter<\/a><br \/>\n<a href=\"http:\/\/lotta.hellstrom.st\/blog\/?p=1620\">Bagels<\/a><br \/>\n<a href=\"http:\/\/lotta.hellstrom.st\/blog\/?p=270\">Dinkelbr\u00f6d med valn\u00f6tter<\/a> &#8211; egen favorit!<br \/>\n<a href=\"http:\/\/lotta.hellstrom.st\/blog\/?p=203\">Dinkelbullar med kross och fr\u00f6n<\/a><br \/>\n<a href=\"http:\/\/lotta.hellstrom.st\/blog\/?p=1680\">Fullkornsbr\u00f6d med fr\u00f6n och torkad frukt<\/a> &#8211; eller ett Lotta br\u00f6d helt enkelt!<br \/>\n<a href=\"http:\/\/lotta.hellstrom.st\/blog\/?p=82\">Kn\u00e4cke-kex<\/a><br \/>\n<a href=\"http:\/\/lotta.hellstrom.st\/blog\/?p=793\">Lottas Br\u00f6d #1<\/a><br \/>\n<a href=\"http:\/\/lotta.hellstrom.st\/blog\/?p=2063\">L\u00e5ngj\u00e4sta frukostbr\u00f6d<\/a>-minimal insats maximal smak!<br \/>\n<a href=\"http:\/\/lotta.hellstrom.st\/blog\/?p=1615\">Pretzels<\/a><br \/>\n<a href=\"http:\/\/lotta.hellstrom.st\/blog\/?p=364\">Scones fr\u00e5n cellskapet<\/a><br \/>\n<a href=\"http:\/\/lotta.hellstrom.st\/blog\/?p=67\">Surdegsbr\u00f6d med b\u00f6nor och \u00e4pple<\/a><br \/>\n<a href=\"http:\/\/lotta.hellstrom.st\/blog\/?p=1498\">Surdegsbr\u00f6d med hasseln\u00f6tter och fikon<\/a><br \/>\n<a href=\"http:\/\/lotta.hellstrom.st\/blog\/?p=1306\">Surdegsbr\u00f6d med valn\u00f6tter och mandlar<\/a><br \/>\n<a href=\"http:\/\/lotta.hellstrom.st\/blog\/?p=1020\">Surdegslimpor med \u00e4pple och skr\u00e4dmj\u00f6l<\/a><br \/>\n<a href=\"http:\/\/lotta.hellstrom.st\/blog\/?p=699\">Enkelt Valn\u00f6tsbr\u00f6d<\/a><br \/>\n<a href=\"http:\/\/lotta.hellstrom.st\/blog\/?p=1123\">V\u00f6rtigt Surdegsbr\u00f6d<\/a><\/p>\n<h2>S\u00f6ta bakverk och efterr\u00e4tter<\/h2>\n<p><a href=\"http:\/\/lotta.hellstrom.st\/blog\/?p=1414\">Amerikanska pannkakor<\/a><br \/>\n<a href=\"http:\/\/lotta.hellstrom.st\/blog\/?p=1149\">Bruna snitt (med nytt snitt)<\/a><br \/>\n<a href=\"http:\/\/lotta.hellstrom.st\/blog\/?p=1130\">Chokladdoppade jordn\u00f6tsbollar<\/a> &#8211; m\u00e5ste testas!<br \/>\n<a href=\"http:\/\/lotta.hellstrom.st\/blog\/?p=1009\">Chocolate chip cookies med pecann\u00f6tter och veteflingor<\/a><br \/>\n<a href=\"http:\/\/lotta.hellstrom.st\/blog\/?p=1378\">Choklad-mar\u00e4ngt\u00e5rta med amarettogr\u00e4dde<\/a><br \/>\n<a href=\"http:\/\/lotta.hellstrom.st\/blog\/?p=182\">Hallonmousset\u00e5rta p\u00e5 chokladbotten<\/a><br \/>\n<a href=\"http:\/\/lotta.hellstrom.st\/blog\/?p=1273\">Hallontryfflar<\/a> &#8211; favorit julen 2009!<br \/>\n<a href=\"http:\/\/lotta.hellstrom.st\/blog\/?p=728\">H\u00e4lsingeostkaka<\/a><br \/>\n<a href=\"http:\/\/lotta.hellstrom.st\/blog\/?p=711\">Kanelbullar<\/a>&#8211; fantastiska!<br \/>\n<a href=\"http:\/\/lotta.hellstrom.st\/blog\/?p=1084\">Lussekatter<\/a><br \/>\n<a href=\"http:\/\/lotta.hellstrom.st\/blog\/?p=1311\">Hallon\/lakrits muffins (samt alternativ med bj\u00f6rnb\u00e4r\/vit choklad)<\/a><br \/>\n<a href=\"http:\/\/lotta.hellstrom.st\/blog\/?p=631\">N\u00f6tbiscotti med wattleseeds<\/a><br \/>\n<a href=\"http:\/\/lotta.hellstrom.st\/blog\/?p=1082\">Pepparkaksdeg<\/a><br \/>\n<a href=\"http:\/\/lotta.hellstrom.st\/blog\/?p=1634\">Proteinbars\/Energybars<\/a><br \/>\n<a href=\"http:\/\/lotta.hellstrom.st\/blog\/?p=1480\">Prostinnans n\u00f6tt\u00e5rta<\/a><br \/>\n<a href=\"http:\/\/lotta.hellstrom.st\/blog\/?p=628\">Rabarber- och jordgubbspaj<\/a><br \/>\n<a href=\"http:\/\/lotta.hellstrom.st\/blog\/?p=1166\">Saffransbiscotti<\/a><br \/>\n<a href=\"http:\/\/lotta.hellstrom.st\/blog\/?p=1407\">Semmelbullar<\/a> &#8211; ny version!<br \/>\n<a href=\"http:\/\/lotta.hellstrom.st\/blog\/?p=1291\">Smultron- och fl\u00e4derparfait<\/a><br \/>\n<a href=\"http:\/\/lotta.hellstrom.st\/blog\/?p=1969\">Tiramisu<\/a><br \/>\n<a href=\"http:\/\/lotta.hellstrom.st\/blog\/?p=1206\">Vetekaka med fyllning<\/a><br \/>\n<a href=\"http:\/\/lotta.hellstrom.st\/blog\/?p=729\">V\u00e5ffelsmet<\/a> &#8211; riktigt bra!<\/p>\n<h2>Vad blir det till middag?<\/h2>\n<p><strong>Vardagsr\u00e4tter &#8211; k\u00f6tt<\/strong><br \/>\n<a href=\"http:\/\/lotta.hellstrom.st\/blog\/?p=1067\">Fetaostbiffar med oliver<\/a><br \/>\n<a href=\"http:\/\/lotta.hellstrom.st\/blog\/?p=1368\">K\u00f6ttf\u00e4rslasagne med spenat och chevr\u00e9<\/a><br \/>\n<a href=\"http:\/\/lotta.hellstrom.st\/blog\/?p=1996\">Lammrag\u00fa<\/a><br \/>\n<a href=\"http:\/\/lotta.hellstrom.st\/blog\/?p=1610\">Marinerad biff med mangosallad och nudlar<\/a><br \/>\n<a href=\"http:\/\/lotta.hellstrom.st\/blog\/?p=1961\">Paj med inspiration av Italien<br \/>\n<a href=\"http:\/\/lotta.hellstrom.st\/blog\/?p=403\">Sk\u00e5nsk\/franska k\u00f6ttbullar<\/a><br \/>\n<a href=\"http:\/\/lotta.hellstrom.st\/blog\/?p=2005\">Stinggryta p\u00e5 \u00e4lg<\/a><br \/>\n<a href=\"http:\/\/lotta.hellstrom.st\/blog\/?p=1471\">\u00c4lgf\u00e4rsbiffar med lingon och gr\u00f6npeppar<\/a><\/p>\n<p><strong>Vardagsr\u00e4tter -f\u00e5gel\/fisk<\/strong><br \/>\n<a href=\"http:\/\/lotta.hellstrom.st\/blog\/?p=1005\">Lax i kokosmj\u00f6lk med chili, koriander och lime<\/a><br \/>\n<a href=\"http:\/\/lotta.hellstrom.st\/blog\/?p=995\">Kycklinggryta med panangcurry och kokosmj\u00f6lk<\/a><br \/>\n<a href=\"http:\/\/lotta.hellstrom.st\/blog\/?p=1984\">Kycklinglasagne<\/a> &#8211; den godaste!<br \/>\n<a href=\"http:\/\/lotta.hellstrom.st\/blog\/?p=1328\">Improviserad kycklinggryta<\/a> &#8211; bla med lammkorv och svarta b\u00f6nor<br \/>\n<a href=\"http:\/\/lotta.hellstrom.st\/blog\/?p=1451\">Pastas\u00e5s med spenat och kallr\u00f6kt lax<\/a><br \/>\n<a href=\"http:\/\/lotta.hellstrom.st\/blog\/?p=1743\">Tom Yom soppa<\/a> &#8211; med fisk och r\u00e4kor<\/p>\n<p><strong>Vardagsr\u00e4tter &#8211; Vegetariskt<\/Strong><br \/>\n<a href=\"http:\/\/lotta.hellstrom.st\/blog\/?p=1750\">Filodegspiroger med spenat och ost<\/a><br \/>\n<a href=\"http:\/\/lotta.hellstrom.st\/blog\/?p=1847\">Gazpacho<\/a><br \/>\n<a href=\"http:\/\/lotta.hellstrom.st\/blog\/?p=2014\">Jord\u00e4rtskockssoppa<\/a><br \/>\n<a href=\"http:\/\/lotta.hellstrom.st\/blog\/?p=1919\">Kantarellpasta<\/a><br \/>\n<a href=\"http:\/\/lotta.hellstrom.st\/blog\/?p=929\">Kik\u00e4rtsgryta med mangochutney och saffran<\/a><br \/>\n<a href=\"http:\/\/lotta.hellstrom.st\/blog\/?p=1949\">Majssoppa<\/a><br \/>\n<a href=\"http:\/\/lotta.hellstrom.st\/blog\/?p=1695\">N\u00e4stan-Pasta a la Norma<\/a><br \/>\n<a href=\"http:\/\/lotta.hellstrom.st\/blog\/?p=1719\">Pasta med champinjoner, \u00e4delost och \u00e4pple<\/a><br \/>\n<a href=\"http:\/\/lotta.hellstrom.st\/blog\/?p=1688\">Tomat- och paprikasoppa<\/a><br \/>\n<a href=\"http:\/\/lotta.hellstrom.st\/blog\/?p=1396\">Vegetariska biffar med dinkel och quinoa<\/a><\/p>\n<p><strong>Lite lyxigare\/lite pyssligare<\/strong><br \/>\n<a href=\"http:\/\/lotta.hellstrom.st\/blog\/?p=962\">Gnocchi-grundrecept<\/a><br \/>\n<a href=\"http:\/\/lotta.hellstrom.st\/blog\/?p=260\">Kokt g\u00f6s\/abborre med kr\u00e4ftstj\u00e4rtar i hummers\u00e5s<\/a><br \/>\n<a href=\"http:\/\/lotta.hellstrom.st\/blog\/?p=1113\">Helstekt kyckling med juliga smaker<\/a><br \/>\n<a href=\"http:\/\/lotta.hellstrom.st\/blog\/?p=846\">Hemgjord pasta<\/a><br \/>\n<a href=\"http:\/\/lotta.hellstrom.st\/blog\/?p=1547\">Japansk nudelsoppa med bl.a. kyckling<\/a><br \/>\n<a href=\"http:\/\/lotta.hellstrom.st\/blog\/?p=1650\">Wallenbergare<\/a><br \/>\n<a href=\"http:\/\/lotta.hellstrom.st\/blog\/?p=414\">\u00c4lggryta \u201cAll inclusive\u201d<\/a><br \/>\n<a href=\"http:\/\/lotta.hellstrom.st\/blog\/?p=1405\">\u00c4lggryta &#8211; med svenska smaker<\/a><\/p>\n<h2>Sylt-saft-r\u00f6ror och annat sm\u00e5tt<\/h2>\n<p><a href=\"http:\/\/lotta.hellstrom.st\/blog\/?p=693\">B\u00f6nsallad<\/a><br \/>\n<a href=\"http:\/\/lotta.hellstrom.st\/blog\/?p=2092\">Citrusmarmelad med ingef\u00e4ra och stj\u00e4rnanis<\/a><br \/>\n<a href=\"http:\/\/lotta.hellstrom.st\/blog\/?p=398\">Hoummus med avocado<\/a> &#8211; <strong>Favorit!<\/strong><br \/>\n<a href=\"http:\/\/lotta.hellstrom.st\/blog\/?p=981\">Hoummus med soltorkade tomater<\/a><br \/>\n<a href=\"http:\/\/lotta.hellstrom.st\/blog\/?p=737\">Lingonsylt \u00e1 la CH<\/a><br \/>\n<a href=\"http:\/\/lotta.hellstrom.st\/blog\/?p=957\">Mammas citrusmarmelad<\/a><br \/>\n<a href=\"http:\/\/lotta.hellstrom.st\/blog\/?p=422\">Pizzadeg-grundrecept<\/a><br \/>\n<a href=\"http:\/\/lotta.hellstrom.st\/blog\/?p=628\">Rabarber- och jordgubbsmarmelad<\/a><br \/>\n<a href=\"http:\/\/lotta.hellstrom.st\/blog\/?p=1348\">B\u00f6nr\u00f6ra och paprikar\u00f6ra<\/a> &#8211; tv\u00e5 r\u00f6ror i ett inl\u00e4gg<br \/>\n<a href=\"http:\/\/lotta.hellstrom.st\/blog\/?p=1258\">Grov, stark senap<\/a><br \/>\n<a href=\"http:\/\/lotta.hellstrom.st\/blog\/?p=1455\">Tomatpesto<\/a><br \/>\n<a href=\"http:\/\/lotta.hellstrom.st\/blog\/?p=296\">Veckosallad<\/a><\/p>\n","protected":false},"excerpt":{"rendered":"<p>Var du ute efter ett visst recept du sett p\u00e5 bloggen tidigare? Vill du ha inspiration inf\u00f6r middagen eller kanske baka n\u00e5got gott? Tycker du etiketterna \u00e4r ologiska och jag blajar f\u00f6r mycket? H\u00e4r f\u00f6rs\u00f6ker jag lista mina mer lyckade recept i vettiga kategorier. Hoppas det underl\u00e4ttar! Baka br\u00f6d? Crumpets p\u00e5 surdeg&#8211; frukostfavorit! L\u00e5ngj\u00e4sta baguetter [&hellip;]<\/p>\n","protected":false},"author":2,"featured_media":0,"parent":0,"menu_order":2,"comment_status":"open","ping_status":"open","template":"","meta":{"footnotes":""},"class_list":["post-1048","page","type-page","status-publish","hentry"],"_links":{"self":[{"href":"https:\/\/lotta.agholme.se\/blog\/index.php?rest_route=\/wp\/v2\/pages\/1048","targetHints":{"allow":["GET"]}}],"collection":[{"href":"https:\/\/lotta.agholme.se\/blog\/index.php?rest_route=\/wp\/v2\/pages"}],"about":[{"href":"https:\/\/lotta.agholme.se\/blog\/index.php?rest_route=\/wp\/v2\/types\/page"}],"author":[{"embeddable":true,"href":"https:\/\/lotta.agholme.se\/blog\/index.php?rest_route=\/wp\/v2\/users\/2"}],"replies":[{"embeddable":true,"href":"https:\/\/lotta.agholme.se\/blog\/index.php?rest_route=%2Fwp%2Fv2%2Fcomments&post=1048"}],"version-history":[{"count":31,"href":"https:\/\/lotta.agholme.se\/blog\/index.php?rest_route=\/wp\/v2\/pages\/1048\/revisions"}],"predecessor-version":[{"id":1136,"href":"https:\/\/lotta.agholme.se\/blog\/index.php?rest_route=\/wp\/v2\/pages\/1048\/revisions\/1136"}],"wp:attachment":[{"href":"https:\/\/lotta.agholme.se\/blog\/index.php?rest_route=%2Fwp%2Fv2%2Fmedia&parent=1048"}],"curies":[{"name":"wp","href":"https:\/\/api.w.org\/{rel}","templated":true}]}}